{"id":863,"date":"2025-07-31T17:09:06","date_gmt":"2025-07-31T17:09:06","guid":{"rendered":"https:\/\/wyndhamtamarindo.com\/?page_id=863"},"modified":"2026-02-19T20:56:24","modified_gmt":"2026-02-19T20:56:24","slug":"spa-y-bienestar-2","status":"publish","type":"page","link":"https:\/\/wyndhamtamarindo.com\/es\/spa-y-bienestar-2\/","title":{"rendered":"Spa y bienestar"},"content":{"rendered":"<div data-elementor-type=\"wp-page\" data-elementor-id=\"863\" class=\"elementor elementor-863\" data-elementor-post-type=\"page\">\n\t\t\t\t<div class=\"elementor-element elementor-element-09fd8b6 e-con-full e-flex e-con e-parent\" data-id=\"09fd8b6\" data-element_type=\"container\" data-e-type=\"container\" data-settings=\"{&quot;background_background&quot;:&quot;classic&quot;}\">\n\t\t\t\t<div class=\"elementor-element elementor-element-c154653 elementor-widget elementor-widget-spacer\" data-id=\"c154653\" data-element_type=\"widget\" data-e-type=\"widget\" data-widget_type=\"spacer.default\">\n\t\t\t\t\t\t\t<div class=\"elementor-spacer\">\n\t\t\t<div class=\"elementor-spacer-inner\"><\/div>\n\t\t<\/div>\n\t\t\t\t\t\t<\/div>\n\t\t\t\t<\/div>\n\t\t<div class=\"elementor-element elementor-element-ba4214c e-flex e-con-boxed e-con e-parent\" data-id=\"ba4214c\" data-element_type=\"container\" data-e-type=\"container\">\n\t\t\t\t\t<div class=\"e-con-inner\">\n\t\t\t\t<div class=\"elementor-element elementor-element-c71754a animated-slow elementor-invisible elementor-widget elementor-widget-heading\" data-id=\"c71754a\" data-element_type=\"widget\" data-e-type=\"widget\" data-settings=\"{&quot;_animation&quot;:&quot;fadeIn&quot;}\" data-widget_type=\"heading.default\">\n\t\t\t\t\t<h1 class=\"elementor-heading-title elementor-size-default\">Spa Kushala<\/h1>\t\t\t\t<\/div>\n\t\t\t\t<div class=\"elementor-element elementor-element-f97b1f0 animated-slow elementor-invisible elementor-widget elementor-widget-heading\" data-id=\"f97b1f0\" data-element_type=\"widget\" data-e-type=\"widget\" data-settings=\"{&quot;_animation&quot;:&quot;fadeIn&quot;}\" data-widget_type=\"heading.default\">\n\t\t\t\t\t<h2 class=\"elementor-heading-title elementor-size-default\">Descansa cuerpo y mente<\/h2>\t\t\t\t<\/div>\n\t\t\t\t<div class=\"elementor-element elementor-element-93f7c95 elementor-widget__width-initial elementor-widget-mobile_extra__width-inherit animated-slow elementor-invisible elementor-widget elementor-widget-text-editor\" data-id=\"93f7c95\" data-element_type=\"widget\" data-e-type=\"widget\" data-settings=\"{&quot;_animation&quot;:&quot;fadeIn&quot;}\" data-widget_type=\"text-editor.default\">\n\t\t\t\t\t\t\t\t\t<p>Durante su estad\u00eda, podr\u00e1 acceder a servicios dise\u00f1ados para ayudarle a desconectar y sentirse mejor. Le ofrecemos masajes y tratamientos personalizados en un espacio tranquilo, con atenci\u00f3n profesional y tratamientos pensados para su bienestar.<\/p>\t\t\t\t\t\t\t\t<\/div>\n\t\t\t\t<div class=\"elementor-element elementor-element-5fd82a6 elementor-invisible elementor-widget elementor-widget-image\" data-id=\"5fd82a6\" data-element_type=\"widget\" data-e-type=\"widget\" data-settings=\"{&quot;_animation&quot;:&quot;fadeIn&quot;}\" data-widget_type=\"image.default\">\n\t\t\t\t\t\t\t\t\t\t\t\t\t\t\t<img fetchpriority=\"high\" decoding=\"async\" width=\"800\" height=\"342\" src=\"https:\/\/wyndhamtamarindo.com\/wp-content\/uploads\/2025\/07\/Spa-y-bienestar-Wyndham-Tamarindo-2-1024x438.webp\" class=\"attachment-large size-large wp-image-875\" alt=\"Spa y bienestar Wyndham Tamarindo 2\" srcset=\"https:\/\/wyndhamtamarindo.com\/wp-content\/uploads\/2025\/07\/Spa-y-bienestar-Wyndham-Tamarindo-2-1024x438.webp 1024w, https:\/\/wyndhamtamarindo.com\/wp-content\/uploads\/2025\/07\/Spa-y-bienestar-Wyndham-Tamarindo-2-300x128.webp 300w, https:\/\/wyndhamtamarindo.com\/wp-content\/uploads\/2025\/07\/Spa-y-bienestar-Wyndham-Tamarindo-2-768x329.webp 768w, https:\/\/wyndhamtamarindo.com\/wp-content\/uploads\/2025\/07\/Spa-y-bienestar-Wyndham-Tamarindo-2.webp 1199w\" sizes=\"(max-width: 800px) 100vw, 800px\" \/>\t\t\t\t\t\t\t\t\t\t\t\t\t\t\t<\/div>\n\t\t\t\t\t<\/div>\n\t\t\t\t<\/div>\n\t\t<div class=\"elementor-element elementor-element-361e470 e-con-full e-flex e-con e-parent\" data-id=\"361e470\" data-element_type=\"container\" data-e-type=\"container\" data-settings=\"{&quot;background_background&quot;:&quot;classic&quot;}\">\n\t\t\t\t<div class=\"elementor-element elementor-element-6f25328 elementor-widget__width-inherit elementor-widget-laptop__width-inherit animated-slow elementor-invisible elementor-widget elementor-widget-heading\" data-id=\"6f25328\" data-element_type=\"widget\" data-e-type=\"widget\" data-settings=\"{&quot;_animation&quot;:&quot;fadeIn&quot;}\" data-widget_type=\"heading.default\">\n\t\t\t\t\t<h2 class=\"elementor-heading-title elementor-size-default\">Donde comienza su verdadero descanso<\/h2>\t\t\t\t<\/div>\n\t\t\t\t<div class=\"elementor-element elementor-element-0950d0a animated-slow elementor-invisible elementor-widget elementor-widget-text-editor\" data-id=\"0950d0a\" data-element_type=\"widget\" data-e-type=\"widget\" data-settings=\"{&quot;_animation&quot;:&quot;fadeIn&quot;}\" data-widget_type=\"text-editor.default\">\n\t\t\t\t\t\t\t\t\t<p>Encontrar\u00e1 el ambiente ideal para desconectar, rodeado de naturaleza, vistas al mar<\/p>\t\t\t\t\t\t\t\t<\/div>\n\t\t\t\t<\/div>\n\t\t<div class=\"elementor-element elementor-element-52b8d58 e-con-full e-flex e-con e-parent\" data-id=\"52b8d58\" data-element_type=\"container\" data-e-type=\"container\">\n\t\t<div class=\"elementor-element elementor-element-c0bfac0 e-con-full animated-slow e-flex elementor-invisible e-con e-child\" data-id=\"c0bfac0\" data-element_type=\"container\" data-e-type=\"container\" data-settings=\"{&quot;background_background&quot;:&quot;classic&quot;,&quot;animation&quot;:&quot;fadeInLeft&quot;}\">\n\t\t\t\t<div class=\"elementor-element elementor-element-7f46bfd elementor-widget elementor-widget-spacer\" data-id=\"7f46bfd\" data-element_type=\"widget\" data-e-type=\"widget\" data-widget_type=\"spacer.default\">\n\t\t\t\t\t\t\t<div class=\"elementor-spacer\">\n\t\t\t<div class=\"elementor-spacer-inner\"><\/div>\n\t\t<\/div>\n\t\t\t\t\t\t<\/div>\n\t\t\t\t<\/div>\n\t\t<div class=\"elementor-element elementor-element-2be81f2 e-con-full animated-slow e-flex elementor-invisible e-con e-child\" data-id=\"2be81f2\" data-element_type=\"container\" data-e-type=\"container\" data-settings=\"{&quot;animation&quot;:&quot;fadeIn&quot;}\">\n\t\t\t\t<div class=\"elementor-element elementor-element-416bb24 animated-slow elementor-invisible elementor-widget elementor-widget-heading\" data-id=\"416bb24\" data-element_type=\"widget\" data-e-type=\"widget\" data-settings=\"{&quot;_animation&quot;:&quot;fadeIn&quot;}\" data-widget_type=\"heading.default\">\n\t\t\t\t\t<h2 class=\"elementor-heading-title elementor-size-default\">Servicios disponibles<\/h2>\t\t\t\t<\/div>\n\t\t\t\t<div class=\"elementor-element elementor-element-c00c39f elementor-icon-list--layout-traditional elementor-list-item-link-full_width elementor-widget elementor-widget-icon-list\" data-id=\"c00c39f\" data-element_type=\"widget\" data-e-type=\"widget\" data-widget_type=\"icon-list.default\">\n\t\t\t\t\t\t\t<ul class=\"elementor-icon-list-items\">\n\t\t\t\t\t\t\t<li class=\"elementor-icon-list-item\">\n\t\t\t\t\t\t\t\t\t\t\t<span class=\"elementor-icon-list-icon\">\n\t\t\t\t\t\t\t<svg aria-hidden=\"true\" class=\"e-font-icon-svg e-fas-circle\" viewbox=\"0 0 512 512\" xmlns=\"http:\/\/www.w3.org\/2000\/svg\"><path d=\"M256 8C119 8 8 119 8 256s111 248 248 248 248-111 248-248S393 8 256 8z\"><\/path><\/svg>\t\t\t\t\t\t<\/span>\n\t\t\t\t\t\t\t\t\t\t<span class=\"elementor-icon-list-text\">Masajes relajantes y descontracturantes\u2028<\/span>\n\t\t\t\t\t\t\t\t\t<\/li>\n\t\t\t\t\t\t\t\t<li class=\"elementor-icon-list-item\">\n\t\t\t\t\t\t\t\t\t\t\t<span class=\"elementor-icon-list-icon\">\n\t\t\t\t\t\t\t<svg aria-hidden=\"true\" class=\"e-font-icon-svg e-fas-circle\" viewbox=\"0 0 512 512\" xmlns=\"http:\/\/www.w3.org\/2000\/svg\"><path d=\"M256 8C119 8 8 119 8 256s111 248 248 248 248-111 248-248S393 8 256 8z\"><\/path><\/svg>\t\t\t\t\t\t<\/span>\n\t\t\t\t\t\t\t\t\t\t<span class=\"elementor-icon-list-text\">Tratamientos faciales y corporales\u2028<\/span>\n\t\t\t\t\t\t\t\t\t<\/li>\n\t\t\t\t\t\t\t\t<li class=\"elementor-icon-list-item\">\n\t\t\t\t\t\t\t\t\t\t\t<span class=\"elementor-icon-list-icon\">\n\t\t\t\t\t\t\t<svg aria-hidden=\"true\" class=\"e-font-icon-svg e-fas-circle\" viewbox=\"0 0 512 512\" xmlns=\"http:\/\/www.w3.org\/2000\/svg\"><path d=\"M256 8C119 8 8 119 8 256s111 248 248 248 248-111 248-248S393 8 256 8z\"><\/path><\/svg>\t\t\t\t\t\t<\/span>\n\t\t\t\t\t\t\t\t\t\t<span class=\"elementor-icon-list-text\">Sesiones individuales\u2028<\/span>\n\t\t\t\t\t\t\t\t\t<\/li>\n\t\t\t\t\t\t\t\t<li class=\"elementor-icon-list-item\">\n\t\t\t\t\t\t\t\t\t\t\t<span class=\"elementor-icon-list-icon\">\n\t\t\t\t\t\t\t<svg aria-hidden=\"true\" class=\"e-font-icon-svg e-fas-circle\" viewbox=\"0 0 512 512\" xmlns=\"http:\/\/www.w3.org\/2000\/svg\"><path d=\"M256 8C119 8 8 119 8 256s111 248 248 248 248-111 248-248S393 8 256 8z\"><\/path><\/svg>\t\t\t\t\t\t<\/span>\n\t\t\t\t\t\t\t\t\t\t<span class=\"elementor-icon-list-text\">Atenci\u00f3n con previa reserva<\/span>\n\t\t\t\t\t\t\t\t\t<\/li>\n\t\t\t\t\t\t<\/ul>\n\t\t\t\t\t\t<\/div>\n\t\t\t\t<div class=\"elementor-element elementor-element-69352f7 elementor-align-center elementor-widget elementor-widget-button\" data-id=\"69352f7\" data-element_type=\"widget\" data-e-type=\"widget\" data-widget_type=\"button.default\">\n\t\t\t\t\t\t\t\t\t\t<a class=\"elementor-button elementor-button-link elementor-size-sm\" href=\"https:\/\/wyndhamtamarindo.com\/wp-content\/uploads\/2026\/02\/kushala_beauty_treatment-1.pdf\" target=\"_blank\">\n\t\t\t\t\t\t<span class=\"elementor-button-content-wrapper\">\n\t\t\t\t\t\t\t\t\t<span class=\"elementor-button-text\">Descubrir el Men\u00fa<\/span>\n\t\t\t\t\t<\/span>\n\t\t\t\t\t<\/a>\n\t\t\t\t\t\t\t\t<\/div>\n\t\t\t\t<\/div>\n\t\t\t\t<\/div>\n\t\t<div class=\"elementor-element elementor-element-4ed8e02 e-con-full e-flex e-con e-parent\" data-id=\"4ed8e02\" data-element_type=\"container\" data-e-type=\"container\" data-settings=\"{&quot;background_background&quot;:&quot;classic&quot;}\">\n\t\t<div class=\"elementor-element elementor-element-a8a7580 e-con-full e-flex e-con e-child\" data-id=\"a8a7580\" data-element_type=\"container\" data-e-type=\"container\">\n\t\t\t\t<div class=\"elementor-element elementor-element-24bef58 animated-slow elementor-invisible elementor-widget elementor-widget-heading\" data-id=\"24bef58\" data-element_type=\"widget\" data-e-type=\"widget\" data-settings=\"{&quot;_animation&quot;:&quot;fadeIn&quot;}\" data-widget_type=\"heading.default\">\n\t\t\t\t\t<h2 class=\"elementor-heading-title elementor-size-default\">Horarios y reservas<\/h2>\t\t\t\t<\/div>\n\t\t\t\t<\/div>\n\t\t<div class=\"elementor-element elementor-element-7606d1f e-con-full e-flex e-con e-child\" data-id=\"7606d1f\" data-element_type=\"container\" data-e-type=\"container\">\n\t\t<div class=\"elementor-element elementor-element-b5635fc e-con-full e-flex e-con e-child\" data-id=\"b5635fc\" data-element_type=\"container\" data-e-type=\"container\">\n\t\t\t\t<div class=\"elementor-element elementor-element-9831101 elementor-widget elementor-widget-text-editor\" data-id=\"9831101\" data-element_type=\"widget\" data-e-type=\"widget\" data-widget_type=\"text-editor.default\">\n\t\t\t\t\t\t\t\t\t<p>Los servicios del Spa Kushala est\u00e1n disponibles todos los d\u00edas. Le recomendamos agendar con anticipaci\u00f3n en recepci\u00f3n o al momento de hacer su reserva para garantizar disponibilidad.<\/p>\t\t\t\t\t\t\t\t<\/div>\n\t\t\t\t<div class=\"elementor-element elementor-element-2637600 elementor-align-center elementor-widget elementor-widget-button\" data-id=\"2637600\" data-element_type=\"widget\" data-e-type=\"widget\" data-widget_type=\"button.default\">\n\t\t\t\t\t\t\t\t\t\t<a class=\"elementor-button elementor-button-link elementor-size-sm\" href=\"https:\/\/api.whatsapp.com\/send?phone=50670850709\" target=\"_blank\">\n\t\t\t\t\t\t<span class=\"elementor-button-content-wrapper\">\n\t\t\t\t\t\t\t\t\t<span class=\"elementor-button-text\">Reserva tu cita ahora<\/span>\n\t\t\t\t\t<\/span>\n\t\t\t\t\t<\/a>\n\t\t\t\t\t\t\t\t<\/div>\n\t\t\t\t<\/div>\n\t\t\t\t<\/div>\n\t\t\t\t<\/div>\n\t\t\t\t<\/div>","protected":false},"excerpt":{"rendered":"<p>Spa Kushala Rest your body and mind During your stay, you&#8217;ll have access to services designed to help you unwind and feel better. We offer personalized massages and treatments in a tranquil setting, with professional care and treatments tailored to your well-being. Where your true rest begins You will find the ideal environment to disconnect, [&hellip;]<\/p>","protected":false},"author":1,"featured_media":0,"parent":0,"menu_order":0,"comment_status":"closed","ping_status":"closed","template":"elementor_header_footer","meta":{"_acf_changed":false,"_seopress_robots_primary_cat":"","_seopress_titles_title":"Spa & Wellness in Tamarindo","_seopress_titles_desc":"Relax with treatments designed to renew body and mind. Explore our spa and wellness options at Wyndham Tamarindo and enjoy a restorative experience.","_seopress_robots_index":"","footnotes":""},"class_list":["post-863","page","type-page","status-publish","hentry"],"acf":[],"_links":{"self":[{"href":"https:\/\/wyndhamtamarindo.com\/es\/wp-json\/wp\/v2\/pages\/863","targetHints":{"allow":["GET"]}}],"collection":[{"href":"https:\/\/wyndhamtamarindo.com\/es\/wp-json\/wp\/v2\/pages"}],"about":[{"href":"https:\/\/wyndhamtamarindo.com\/es\/wp-json\/wp\/v2\/types\/page"}],"author":[{"embeddable":true,"href":"https:\/\/wyndhamtamarindo.com\/es\/wp-json\/wp\/v2\/users\/1"}],"replies":[{"embeddable":true,"href":"https:\/\/wyndhamtamarindo.com\/es\/wp-json\/wp\/v2\/comments?post=863"}],"version-history":[{"count":79,"href":"https:\/\/wyndhamtamarindo.com\/es\/wp-json\/wp\/v2\/pages\/863\/revisions"}],"predecessor-version":[{"id":3278,"href":"https:\/\/wyndhamtamarindo.com\/es\/wp-json\/wp\/v2\/pages\/863\/revisions\/3278"}],"wp:attachment":[{"href":"https:\/\/wyndhamtamarindo.com\/es\/wp-json\/wp\/v2\/media?parent=863"}],"curies":[{"name":"wp","href":"https:\/\/api.w.org\/{rel}","templated":true}]}}