{"id":2582,"date":"2025-09-04T17:34:12","date_gmt":"2025-09-04T17:34:12","guid":{"rendered":"https:\/\/wyndhamtamarindo.com\/?page_id=2582"},"modified":"2025-12-19T17:54:36","modified_gmt":"2025-12-19T17:54:36","slug":"politicas","status":"publish","type":"page","link":"https:\/\/wyndhamtamarindo.com\/es\/politicas\/","title":{"rendered":"Pol\u00edticas"},"content":{"rendered":"<div data-elementor-type=\"wp-page\" data-elementor-id=\"2582\" class=\"elementor elementor-2582\" data-elementor-post-type=\"page\">\n\t\t\t\t<div class=\"elementor-element elementor-element-5d665ab e-con-full e-flex e-con e-parent\" data-id=\"5d665ab\" data-element_type=\"container\" data-e-type=\"container\" data-settings=\"{&quot;background_background&quot;:&quot;classic&quot;}\">\n\t\t\t\t<div class=\"elementor-element elementor-element-33b92a6 elementor-widget elementor-widget-spacer\" data-id=\"33b92a6\" data-element_type=\"widget\" data-e-type=\"widget\" data-widget_type=\"spacer.default\">\n\t\t\t\t\t\t\t<div class=\"elementor-spacer\">\n\t\t\t<div class=\"elementor-spacer-inner\"><\/div>\n\t\t<\/div>\n\t\t\t\t\t\t<\/div>\n\t\t\t\t<\/div>\n\t\t<div class=\"elementor-element elementor-element-9ce2cb2 e-flex e-con-boxed e-con e-parent\" data-id=\"9ce2cb2\" data-element_type=\"container\" data-e-type=\"container\">\n\t\t\t\t\t<div class=\"e-con-inner\">\n\t\t\t\t<div class=\"elementor-element elementor-element-3b957fa animated-slow elementor-invisible elementor-widget elementor-widget-heading\" data-id=\"3b957fa\" data-element_type=\"widget\" data-e-type=\"widget\" data-settings=\"{&quot;_animation&quot;:&quot;fadeIn&quot;}\" data-widget_type=\"heading.default\">\n\t\t\t\t\t<h1 class=\"elementor-heading-title elementor-size-default\">Pol\u00edticas del hotel<\/h1>\t\t\t\t<\/div>\n\t\t<div class=\"elementor-element elementor-element-7f6e436 e-con-full e-flex e-con e-child\" data-id=\"7f6e436\" data-element_type=\"container\" data-e-type=\"container\">\n\t\t\t\t<div class=\"elementor-element elementor-element-3a216d3 animated-slow elementor-invisible elementor-widget elementor-widget-heading\" data-id=\"3a216d3\" data-element_type=\"widget\" data-e-type=\"widget\" data-settings=\"{&quot;_animation&quot;:&quot;fadeIn&quot;}\" data-widget_type=\"heading.default\">\n\t\t\t\t\t<p class=\"elementor-heading-title elementor-size-default\">HORA DE ENTRADA: 3:00 p.m.\n<\/p>\t\t\t\t<\/div>\n\t\t\t\t<div class=\"elementor-element elementor-element-57a4f0c animated-slow elementor-invisible elementor-widget elementor-widget-heading\" data-id=\"57a4f0c\" data-element_type=\"widget\" data-e-type=\"widget\" data-settings=\"{&quot;_animation&quot;:&quot;fadeIn&quot;}\" data-widget_type=\"heading.default\">\n\t\t\t\t\t<p class=\"elementor-heading-title elementor-size-default\">HORA DE SALIDA: 11:00 a.m.<\/p>\t\t\t\t<\/div>\n\t\t\t\t<\/div>\n\t\t<div class=\"elementor-element elementor-element-7b3b103 e-con-full e-flex e-con e-child\" data-id=\"7b3b103\" data-element_type=\"container\" data-e-type=\"container\">\n\t\t\t\t<div class=\"elementor-element elementor-element-7ebdae6 animated-slow elementor-widget__width-inherit elementor-invisible elementor-widget elementor-widget-heading\" data-id=\"7ebdae6\" data-element_type=\"widget\" data-e-type=\"widget\" data-settings=\"{&quot;_animation&quot;:&quot;fadeIn&quot;}\" data-widget_type=\"heading.default\">\n\t\t\t\t\t<h2 class=\"elementor-heading-title elementor-size-default\">Pol\u00edtica de mascotas y animales de servicio<\/h2>\t\t\t\t<\/div>\n\t\t\t\t<div class=\"elementor-element elementor-element-6e293cd elementor-widget__width-inherit elementor-widget-mobile_extra__width-inherit animated-slow elementor-invisible elementor-widget elementor-widget-text-editor\" data-id=\"6e293cd\" data-element_type=\"widget\" data-e-type=\"widget\" data-settings=\"{&quot;_animation&quot;:&quot;fadeIn&quot;}\" data-widget_type=\"text-editor.default\">\n\t\t\t\t\t\t\t\t\t<p>Animales de servicio: Se admiten animales de servicio. \/ Se admiten mascotas: M\u00e1ximo 2 mascotas. Solo perros y gatos. Peso m\u00e1ximo por mascota: 34 kg. \/ Cargos: 20 USD por mascota por noche. \/ Informaci\u00f3n adicional: Las mascotas deben estar en una jaula si se dejan solas en la habitaci\u00f3n. Para obtener m\u00e1s informaci\u00f3n y consultar disponibilidad, contacte al hotel.<\/p>\t\t\t\t\t\t\t\t<\/div>\n\t\t\t\t<\/div>\n\t\t<div class=\"elementor-element elementor-element-0ad133e e-con-full e-flex e-con e-child\" data-id=\"0ad133e\" data-element_type=\"container\" data-e-type=\"container\">\n\t\t\t\t<div class=\"elementor-element elementor-element-9dafb68 animated-slow elementor-widget__width-inherit elementor-invisible elementor-widget elementor-widget-heading\" data-id=\"9dafb68\" data-element_type=\"widget\" data-e-type=\"widget\" data-settings=\"{&quot;_animation&quot;:&quot;fadeIn&quot;}\" data-widget_type=\"heading.default\">\n\t\t\t\t\t<h2 class=\"elementor-heading-title elementor-size-default\">Pol\u00edtica de fumadores<\/h2>\t\t\t\t<\/div>\n\t\t\t\t<div class=\"elementor-element elementor-element-bdf6ce5 elementor-widget__width-inherit elementor-widget-mobile_extra__width-inherit animated-slow elementor-invisible elementor-widget elementor-widget-text-editor\" data-id=\"bdf6ce5\" data-element_type=\"widget\" data-e-type=\"widget\" data-settings=\"{&quot;_animation&quot;:&quot;fadeIn&quot;}\" data-widget_type=\"text-editor.default\">\n\t\t\t\t\t\t\t\t\t<p>Este hotel es para no fumadores.<\/p>\t\t\t\t\t\t\t\t<\/div>\n\t\t\t\t<\/div>\n\t\t<div class=\"elementor-element elementor-element-afb06da e-con-full e-flex e-con e-child\" data-id=\"afb06da\" data-element_type=\"container\" data-e-type=\"container\">\n\t\t\t\t<div class=\"elementor-element elementor-element-82d0b9d animated-slow elementor-widget__width-inherit elementor-invisible elementor-widget elementor-widget-heading\" data-id=\"82d0b9d\" data-element_type=\"widget\" data-e-type=\"widget\" data-settings=\"{&quot;_animation&quot;:&quot;fadeIn&quot;}\" data-widget_type=\"heading.default\">\n\t\t\t\t\t<h2 class=\"elementor-heading-title elementor-size-default\">Informaci\u00f3n general<\/h2>\t\t\t\t<\/div>\n\t\t\t\t<div class=\"elementor-element elementor-element-492fd0c elementor-widget__width-inherit elementor-widget-mobile_extra__width-inherit animated-slow elementor-invisible elementor-widget elementor-widget-text-editor\" data-id=\"492fd0c\" data-element_type=\"widget\" data-e-type=\"widget\" data-settings=\"{&quot;_animation&quot;:&quot;fadeIn&quot;}\" data-widget_type=\"text-editor.default\">\n\t\t\t\t\t\t\t\t\t<p>Los hu\u00e9spedes deben tener al menos 18 a\u00f1os para registrarse. Se requiere un pago con tarjeta de cr\u00e9dito preautorizada de 100 USD por d\u00eda, m\u00e1s el pago completo de la habitaci\u00f3n e impuestos al momento del registro. Los hu\u00e9spedes que pagan en efectivo deben pagar 100 USD por d\u00eda, m\u00e1s el pago completo de la habitaci\u00f3n e impuestos al momento del registro.<\/p>\t\t\t\t\t\t\t\t<\/div>\n\t\t\t\t<\/div>\n\t\t\t\t\t<\/div>\n\t\t\t\t<\/div>\n\t\t\t\t<\/div>","protected":false},"excerpt":{"rendered":"<p>Hotel Policies CHECK-IN TIME 3:00 p.m. CHECK-OUT TIME 11:00 a.m. Pet &amp; Service Animal Policy Service Animals &#8211; Service animals welcome. \/ Pets Allowed &#8211; 2 pets max. Dogs and Cats only. 75lbs or less per pet. \/ Fees &#8211; 20USD per pet per night. \/ Other Information &#8211; Pets must be crated if left [&hellip;]<\/p>","protected":false},"author":1,"featured_media":0,"parent":0,"menu_order":0,"comment_status":"closed","ping_status":"closed","template":"elementor_header_footer","meta":{"_acf_changed":false,"_seopress_robots_primary_cat":"","_seopress_titles_title":"Policies & Guest Information","_seopress_titles_desc":"Review our stay, booking and service policies designed to ensure a smooth experience. Learn more about guest guidelines at Wyndham Tamarindo.","_seopress_robots_index":"","footnotes":""},"class_list":["post-2582","page","type-page","status-publish","hentry"],"acf":[],"_links":{"self":[{"href":"https:\/\/wyndhamtamarindo.com\/es\/wp-json\/wp\/v2\/pages\/2582","targetHints":{"allow":["GET"]}}],"collection":[{"href":"https:\/\/wyndhamtamarindo.com\/es\/wp-json\/wp\/v2\/pages"}],"about":[{"href":"https:\/\/wyndhamtamarindo.com\/es\/wp-json\/wp\/v2\/types\/page"}],"author":[{"embeddable":true,"href":"https:\/\/wyndhamtamarindo.com\/es\/wp-json\/wp\/v2\/users\/1"}],"replies":[{"embeddable":true,"href":"https:\/\/wyndhamtamarindo.com\/es\/wp-json\/wp\/v2\/comments?post=2582"}],"version-history":[{"count":13,"href":"https:\/\/wyndhamtamarindo.com\/es\/wp-json\/wp\/v2\/pages\/2582\/revisions"}],"predecessor-version":[{"id":2869,"href":"https:\/\/wyndhamtamarindo.com\/es\/wp-json\/wp\/v2\/pages\/2582\/revisions\/2869"}],"wp:attachment":[{"href":"https:\/\/wyndhamtamarindo.com\/es\/wp-json\/wp\/v2\/media?parent=2582"}],"curies":[{"name":"wp","href":"https:\/\/api.w.org\/{rel}","templated":true}]}}