{"id":1938,"date":"2025-08-26T14:14:54","date_gmt":"2025-08-26T14:14:54","guid":{"rendered":"https:\/\/wyndhamtamarindo.com\/?page_id=1938"},"modified":"2025-12-19T17:51:16","modified_gmt":"2025-12-19T17:51:16","slug":"ubicacion","status":"publish","type":"page","link":"https:\/\/wyndhamtamarindo.com\/es\/ubicacion\/","title":{"rendered":"Ubicaci\u00f3n"},"content":{"rendered":"<div data-elementor-type=\"wp-page\" data-elementor-id=\"1938\" class=\"elementor elementor-1938\" data-elementor-post-type=\"page\">\n\t\t\t\t<div class=\"elementor-element elementor-element-24a1fd7 e-con-full e-flex e-con e-parent\" data-id=\"24a1fd7\" data-element_type=\"container\" data-e-type=\"container\" data-settings=\"{&quot;background_background&quot;:&quot;classic&quot;}\">\n\t\t\t\t<div class=\"elementor-element elementor-element-75fb99a elementor-widget elementor-widget-spacer\" data-id=\"75fb99a\" data-element_type=\"widget\" data-e-type=\"widget\" data-widget_type=\"spacer.default\">\n\t\t\t\t\t\t\t<div class=\"elementor-spacer\">\n\t\t\t<div class=\"elementor-spacer-inner\"><\/div>\n\t\t<\/div>\n\t\t\t\t\t\t<\/div>\n\t\t\t\t<\/div>\n\t\t<div class=\"elementor-element elementor-element-d8c470b e-flex e-con-boxed e-con e-parent\" data-id=\"d8c470b\" data-element_type=\"container\" data-e-type=\"container\">\n\t\t\t\t\t<div class=\"e-con-inner\">\n\t\t\t\t<div class=\"elementor-element elementor-element-b4b44c2 animated-slow elementor-invisible elementor-widget elementor-widget-heading\" data-id=\"b4b44c2\" data-element_type=\"widget\" data-e-type=\"widget\" data-settings=\"{&quot;_animation&quot;:&quot;fadeIn&quot;}\" data-widget_type=\"heading.default\">\n\t\t\t\t\t<h1 class=\"elementor-heading-title elementor-size-default\">Nuestra Ubicaci\u00f3n<\/h1>\t\t\t\t<\/div>\n\t\t\t\t<div class=\"elementor-element elementor-element-9b255e9 elementor-invisible elementor-widget elementor-widget-image\" data-id=\"9b255e9\" data-element_type=\"widget\" data-e-type=\"widget\" data-settings=\"{&quot;_animation&quot;:&quot;fadeIn&quot;}\" data-widget_type=\"image.default\">\n\t\t\t\t\t\t\t\t\t\t\t\t\t\t\t<img alt=\"\" fetchpriority=\"high\" decoding=\"async\" width=\"999\" height=\"562\" src=\"https:\/\/wyndhamtamarindo.com\/wp-content\/uploads\/2025\/07\/Mapa.webp\" class=\"attachment-full size-full wp-image-233\" srcset=\"https:\/\/wyndhamtamarindo.com\/wp-content\/uploads\/2025\/07\/Mapa.webp 999w, https:\/\/wyndhamtamarindo.com\/wp-content\/uploads\/2025\/07\/Mapa-300x169.webp 300w, https:\/\/wyndhamtamarindo.com\/wp-content\/uploads\/2025\/07\/Mapa-768x432.webp 768w\" sizes=\"(max-width: 999px) 100vw, 999px\" \/>\t\t\t\t\t\t\t\t\t\t\t\t\t\t\t<\/div>\n\t\t\t\t<div class=\"elementor-element elementor-element-7df70ec elementor-widget__width-initial elementor-widget-mobile_extra__width-inherit animated-slow elementor-invisible elementor-widget elementor-widget-text-editor\" data-id=\"7df70ec\" data-element_type=\"widget\" data-e-type=\"widget\" data-settings=\"{&quot;_animation&quot;:&quot;fadeIn&quot;}\" data-widget_type=\"text-editor.default\">\n\t\t\t\t\t\t\t\t\t<p>Estamos ubicados en Tamarindo, una de las zonas m\u00e1s reconocidas del Pac\u00edfico norte de Costa Rica. Desde aqu\u00ed disfrutar\u00e1 vista al mar en todo momento, acceso directo a playas cercanas y conexi\u00f3n r\u00e1pida con el centro del pueblo, el Langosta Beach Club y otras experiencias locales. Llegar es f\u00e1cil; disfrutarlo, a\u00fan m\u00e1s.<\/p>\t\t\t\t\t\t\t\t<\/div>\n\t\t<div class=\"elementor-element elementor-element-8ceb7ad e-con-full e-flex e-con e-child\" data-id=\"8ceb7ad\" data-element_type=\"container\" data-e-type=\"container\">\n\t\t\t\t<div class=\"elementor-element elementor-element-b8cd6d5 elementor-widget elementor-widget-button\" data-id=\"b8cd6d5\" data-element_type=\"widget\" data-e-type=\"widget\" data-widget_type=\"button.default\">\n\t\t\t\t\t\t\t\t\t\t<a class=\"elementor-button elementor-button-link elementor-size-sm\" href=\"https:\/\/maps.app.goo.gl\/9VrJHy1QweKZ6XQD9\" target=\"_blank\">\n\t\t\t\t\t\t<span class=\"elementor-button-content-wrapper\">\n\t\t\t\t\t\t<span class=\"elementor-button-icon\">\n\t\t\t\t<svg aria-hidden=\"true\" class=\"e-font-icon-svg e-fas-map-marker-alt\" viewbox=\"0 0 384 512\" xmlns=\"http:\/\/www.w3.org\/2000\/svg\"><path d=\"M172.268 501.67C26.97 291.031 0 269.413 0 192 0 85.961 85.961 0 192 0s192 85.961 192 192c0 77.413-26.97 99.031-172.268 309.67-9.535 13.774-29.93 13.773-39.464 0zM192 272c44.183 0 80-35.817 80-80s-35.817-80-80-80-80 35.817-80 80 35.817 80 80 80z\"><\/path><\/svg>\t\t\t<\/span>\n\t\t\t\t\t\t\t\t\t<span class=\"elementor-button-text\">Google Maps<\/span>\n\t\t\t\t\t<\/span>\n\t\t\t\t\t<\/a>\n\t\t\t\t\t\t\t\t<\/div>\n\t\t\t\t<div class=\"elementor-element elementor-element-5d3056d elementor-widget elementor-widget-button\" data-id=\"5d3056d\" data-element_type=\"widget\" data-e-type=\"widget\" data-widget_type=\"button.default\">\n\t\t\t\t\t\t\t\t\t\t<a class=\"elementor-button elementor-button-link elementor-size-sm\" href=\"https:\/\/ul.waze.com\/ul?venue_id=179699815.1796801542.5012263&#038;overview=yes&#038;utm_campaign=default&#038;utm_source=waze_website&#038;utm_medium=lm_share_location\" target=\"_blank\">\n\t\t\t\t\t\t<span class=\"elementor-button-content-wrapper\">\n\t\t\t\t\t\t<span class=\"elementor-button-icon\">\n\t\t\t\t<svg aria-hidden=\"true\" class=\"e-font-icon-svg e-fab-waze\" viewbox=\"0 0 512 512\" xmlns=\"http:\/\/www.w3.org\/2000\/svg\"><path d=\"M502.17 201.67C516.69 287.53 471.23 369.59 389 409.8c13 34.1-12.4 70.2-48.32 70.2a51.68 51.68 0 0 1-51.57-49c-6.44.19-64.2 0-76.33-.64A51.69 51.69 0 0 1 159 479.92c-33.86-1.36-57.95-34.84-47-67.92-37.21-13.11-72.54-34.87-99.62-70.8-13-17.28-.48-41.8 20.84-41.8 46.31 0 32.22-54.17 43.15-110.26C94.8 95.2 193.12 32 288.09 32c102.48 0 197.15 70.67 214.08 169.67zM373.51 388.28c42-19.18 81.33-56.71 96.29-102.14 40.48-123.09-64.15-228-181.71-228-83.45 0-170.32 55.42-186.07 136-9.53 48.91 5 131.35-68.75 131.35C58.21 358.6 91.6 378.11 127 389.54c24.66-21.8 63.87-15.47 79.83 14.34 14.22 1 79.19 1.18 87.9.82a51.69 51.69 0 0 1 78.78-16.42zM205.12 187.13c0-34.74 50.84-34.75 50.84 0s-50.84 34.74-50.84 0zm116.57 0c0-34.74 50.86-34.75 50.86 0s-50.86 34.75-50.86 0zm-122.61 70.69c-3.44-16.94 22.18-22.18 25.62-5.21l.06.28c4.14 21.42 29.85 44 64.12 43.07 35.68-.94 59.25-22.21 64.11-42.77 4.46-16.05 28.6-10.36 25.47 6-5.23 22.18-31.21 62-91.46 62.9-42.55 0-80.88-27.84-87.9-64.25z\"><\/path><\/svg>\t\t\t<\/span>\n\t\t\t\t\t\t\t\t\t<span class=\"elementor-button-text\">Waze<\/span>\n\t\t\t\t\t<\/span>\n\t\t\t\t\t<\/a>\n\t\t\t\t\t\t\t\t<\/div>\n\t\t\t\t<\/div>\n\t\t\t\t\t<\/div>\n\t\t\t\t<\/div>\n\t\t\t\t<\/div>","protected":false},"excerpt":{"rendered":"<p>Our Location We&#8217;re located in Tamarindo, one of the most renowned areas of Costa Rica&#8217;s northern Pacific. From here, you&#8217;ll enjoy ocean views at all times, direct access to nearby beaches, and quick connections to the town center, the Langosta Beach Club, and other local experiences. Getting there is easy; enjoying it is even easier. [&hellip;]<\/p>","protected":false},"author":1,"featured_media":0,"parent":0,"menu_order":0,"comment_status":"closed","ping_status":"closed","template":"elementor_header_footer","meta":{"_acf_changed":false,"_seopress_robots_primary_cat":"","_seopress_titles_title":"Location in Tamarindo","_seopress_titles_desc":"Find us in one of Costa Rica\u2019s most vibrant coastal destinations. Explore how to reach Wyndham Tamarindo and what surrounds the resort.","_seopress_robots_index":"","footnotes":""},"class_list":["post-1938","page","type-page","status-publish","hentry"],"acf":[],"_links":{"self":[{"href":"https:\/\/wyndhamtamarindo.com\/es\/wp-json\/wp\/v2\/pages\/1938","targetHints":{"allow":["GET"]}}],"collection":[{"href":"https:\/\/wyndhamtamarindo.com\/es\/wp-json\/wp\/v2\/pages"}],"about":[{"href":"https:\/\/wyndhamtamarindo.com\/es\/wp-json\/wp\/v2\/types\/page"}],"author":[{"embeddable":true,"href":"https:\/\/wyndhamtamarindo.com\/es\/wp-json\/wp\/v2\/users\/1"}],"replies":[{"embeddable":true,"href":"https:\/\/wyndhamtamarindo.com\/es\/wp-json\/wp\/v2\/comments?post=1938"}],"version-history":[{"count":37,"href":"https:\/\/wyndhamtamarindo.com\/es\/wp-json\/wp\/v2\/pages\/1938\/revisions"}],"predecessor-version":[{"id":3186,"href":"https:\/\/wyndhamtamarindo.com\/es\/wp-json\/wp\/v2\/pages\/1938\/revisions\/3186"}],"wp:attachment":[{"href":"https:\/\/wyndhamtamarindo.com\/es\/wp-json\/wp\/v2\/media?parent=1938"}],"curies":[{"name":"wp","href":"https:\/\/api.w.org\/{rel}","templated":true}]}}