{"id":1140,"date":"2025-08-04T14:49:27","date_gmt":"2025-08-04T14:49:27","guid":{"rendered":"https:\/\/wyndhamtamarindo.com\/?page_id=1140"},"modified":"2026-01-14T19:53:53","modified_gmt":"2026-01-14T19:53:53","slug":"caviar-restaurant","status":"publish","type":"page","link":"https:\/\/wyndhamtamarindo.com\/es\/caviar-restaurant\/","title":{"rendered":"Best Breakfast &#038; Dinner with Ocean View | Open Daily"},"content":{"rendered":"<div data-elementor-type=\"wp-page\" data-elementor-id=\"1140\" class=\"elementor elementor-1140\" data-elementor-post-type=\"page\">\n\t\t\t\t<div class=\"elementor-element elementor-element-78e8090 e-con-full e-flex e-con e-parent\" data-id=\"78e8090\" data-element_type=\"container\" data-e-type=\"container\">\n\t\t\t\t<div class=\"elementor-element elementor-element-1e62d69 animated-slow elementor-invisible elementor-widget elementor-widget-heading\" data-id=\"1e62d69\" data-element_type=\"widget\" data-e-type=\"widget\" data-settings=\"{&quot;_animation&quot;:&quot;fadeIn&quot;}\" data-widget_type=\"heading.default\">\n\t\t\t\t\t<h1 class=\"elementor-heading-title elementor-size-default\">Caviar Restaurant<\/h1>\t\t\t\t<\/div>\n\t\t<div class=\"elementor-element elementor-element-6dab1aa e-con-full e-flex e-con e-child\" data-id=\"6dab1aa\" data-element_type=\"container\" data-e-type=\"container\">\n\t\t\t\t<div class=\"elementor-element elementor-element-b2bc1fa elementor-widget__width-initial elementor-widget-mobile_extra__width-inherit animated-slow elementor-widget-tablet_extra__width-inherit elementor-invisible elementor-widget elementor-widget-text-editor\" data-id=\"b2bc1fa\" data-element_type=\"widget\" data-e-type=\"widget\" data-settings=\"{&quot;_animation&quot;:&quot;fadeIn&quot;}\" data-widget_type=\"text-editor.default\">\n\t\t\t\t\t\t\t\t\t<p>El restaurante Caviar est\u00e1 ubicado junto a la piscina infinita, con una vista incre\u00edble al oc\u00e9ano Pac\u00edfico Norte. Ofrece desayuno, almuerzo y cena en un espacio c\u00f3modo, con atenci\u00f3n amable y platos inspirados en ingredientes locales.<\/p>\t\t\t\t\t\t\t\t<\/div>\n\t\t\t\t<div class=\"elementor-element elementor-element-060702e elementor-align-center elementor-invisible elementor-widget elementor-widget-button\" data-id=\"060702e\" data-element_type=\"widget\" data-e-type=\"widget\" data-settings=\"{&quot;_animation_mobile&quot;:&quot;fadeIn&quot;,&quot;_animation&quot;:&quot;fadeIn&quot;}\" data-widget_type=\"button.default\">\n\t\t\t\t\t\t\t\t\t\t<a class=\"elementor-button elementor-button-link elementor-size-sm\" href=\"https:\/\/api.whatsapp.com\/send?phone=50664279236\" target=\"_blank\">\n\t\t\t\t\t\t<span class=\"elementor-button-content-wrapper\">\n\t\t\t\t\t\t\t\t\t<span class=\"elementor-button-text\">Reservar tu mesa<\/span>\n\t\t\t\t\t<\/span>\n\t\t\t\t\t<\/a>\n\t\t\t\t\t\t\t\t<\/div>\n\t\t\t\t<\/div>\n\t\t<div class=\"elementor-element elementor-element-ba55646 e-con-full e-flex e-con e-child\" data-id=\"ba55646\" data-element_type=\"container\" data-e-type=\"container\">\n\t\t\t\t<div class=\"elementor-element elementor-element-d2ac52f elementor-invisible elementor-widget elementor-widget-image\" data-id=\"d2ac52f\" data-element_type=\"widget\" data-e-type=\"widget\" data-settings=\"{&quot;_animation&quot;:&quot;fadeIn&quot;}\" data-widget_type=\"image.default\">\n\t\t\t\t\t\t\t\t\t\t\t\t\t\t\t<img alt=\"\" fetchpriority=\"high\" decoding=\"async\" width=\"1035\" height=\"537\" src=\"https:\/\/wyndhamtamarindo.com\/wp-content\/uploads\/2025\/08\/Restaurante-Wyndham-Tamarindo-2.webp\" class=\"attachment-full size-full wp-image-1151\" srcset=\"https:\/\/wyndhamtamarindo.com\/wp-content\/uploads\/2025\/08\/Restaurante-Wyndham-Tamarindo-2.webp 1035w, https:\/\/wyndhamtamarindo.com\/wp-content\/uploads\/2025\/08\/Restaurante-Wyndham-Tamarindo-2-300x156.webp 300w, https:\/\/wyndhamtamarindo.com\/wp-content\/uploads\/2025\/08\/Restaurante-Wyndham-Tamarindo-2-1024x531.webp 1024w, https:\/\/wyndhamtamarindo.com\/wp-content\/uploads\/2025\/08\/Restaurante-Wyndham-Tamarindo-2-768x398.webp 768w\" sizes=\"(max-width: 1035px) 100vw, 1035px\" \/>\t\t\t\t\t\t\t\t\t\t\t\t\t\t\t<\/div>\n\t\t\t\t<div class=\"elementor-element elementor-element-28cb869 elementor-widget-mobile__width-inherit elementor-invisible elementor-widget elementor-widget-image\" data-id=\"28cb869\" data-element_type=\"widget\" data-e-type=\"widget\" data-settings=\"{&quot;_animation&quot;:&quot;fadeIn&quot;}\" data-widget_type=\"image.default\">\n\t\t\t\t\t\t\t\t\t\t\t\t\t\t\t<img alt=\"\" decoding=\"async\" width=\"633\" height=\"537\" src=\"https:\/\/wyndhamtamarindo.com\/wp-content\/uploads\/2025\/08\/Restaurante-Wyndham-Tamarindo.webp\" class=\"attachment-full size-full wp-image-1150\" srcset=\"https:\/\/wyndhamtamarindo.com\/wp-content\/uploads\/2025\/08\/Restaurante-Wyndham-Tamarindo.webp 633w, https:\/\/wyndhamtamarindo.com\/wp-content\/uploads\/2025\/08\/Restaurante-Wyndham-Tamarindo-300x255.webp 300w\" sizes=\"(max-width: 633px) 100vw, 633px\" \/>\t\t\t\t\t\t\t\t\t\t\t\t\t\t\t<\/div>\n\t\t\t\t<\/div>\n\t\t<div class=\"elementor-element elementor-element-8b53599 e-con-full e-flex e-con e-child\" data-id=\"8b53599\" data-element_type=\"container\" data-e-type=\"container\">\n\t\t<div class=\"elementor-element elementor-element-c8a8efd e-con-full e-flex e-con e-child\" data-id=\"c8a8efd\" data-element_type=\"container\" data-e-type=\"container\">\n\t\t\t\t<div class=\"elementor-element elementor-element-ed5377d animated-slow elementor-invisible elementor-widget elementor-widget-text-editor\" data-id=\"ed5377d\" data-element_type=\"widget\" data-e-type=\"widget\" data-settings=\"{&quot;_animation&quot;:&quot;fadeIn&quot;}\" data-widget_type=\"text-editor.default\">\n\t\t\t\t\t\t\t\t\t<p>Detalles<\/p>\t\t\t\t\t\t\t\t<\/div>\n\t\t\t\t<div class=\"elementor-element elementor-element-0970882 elementor-widget__width-inherit elementor-widget-mobile_extra__width-inherit animated-slow elementor-invisible elementor-widget elementor-widget-text-editor\" data-id=\"0970882\" data-element_type=\"widget\" data-e-type=\"widget\" data-settings=\"{&quot;_animation&quot;:&quot;fadeIn&quot;}\" data-widget_type=\"text-editor.default\">\n\t\t\t\t\t\t\t\t\t<p>Ubicado junto a la piscina infinita, el restaurante Caviar le ofrece una experiencia gastron\u00f3mica \u00fanica con vistas panor\u00e1micas al oc\u00e9ano Pac\u00edfico Norte. Disfrute de un ambiente c\u00f3modo y relajado, ideal para comenzar el d\u00eda con un desayuno frente al mar, o para disfrutar de un almuerzo y cena acompa\u00f1ados de ingredientes frescos y locales.<\/p>\t\t\t\t\t\t\t\t<\/div>\n\t\t\t\t<div class=\"elementor-element elementor-element-8ec953d elementor-widget__width-inherit elementor-widget-mobile_extra__width-inherit animated-slow elementor-invisible elementor-widget elementor-widget-text-editor\" data-id=\"8ec953d\" data-element_type=\"widget\" data-e-type=\"widget\" data-settings=\"{&quot;_animation&quot;:&quot;fadeIn&quot;}\" data-widget_type=\"text-editor.default\">\n\t\t\t\t\t\t\t\t\t<p>Nuestro men\u00fa est\u00e1 dise\u00f1ado para satisfacer diversos gustos, ofreciendo opciones saludables y sabrosas en un entorno que lo invita a relajarse y disfrutar. Ya sea en nuestra terraza al aire libre o en el interior del restaurante, la excelente atenci\u00f3n de nuestro personal hace que cada comida sea una experiencia especial.<\/p>\t\t\t\t\t\t\t\t<\/div>\n\t\t\t\t<\/div>\n\t\t<div class=\"elementor-element elementor-element-e5a2398 e-con-full e-flex e-con e-child\" data-id=\"e5a2398\" data-element_type=\"container\" data-e-type=\"container\">\n\t\t\t\t<div class=\"elementor-element elementor-element-acad260 elementor-invisible elementor-widget elementor-widget-image\" data-id=\"acad260\" data-element_type=\"widget\" data-e-type=\"widget\" data-settings=\"{&quot;_animation&quot;:&quot;fadeIn&quot;}\" data-widget_type=\"image.default\">\n\t\t\t\t\t\t\t\t\t\t\t\t\t\t\t<img decoding=\"async\" width=\"72\" height=\"72\" src=\"https:\/\/wyndhamtamarindo.com\/wp-content\/uploads\/2025\/08\/Group-74.webp\" class=\"attachment-full size-full wp-image-1159\" alt=\"Horario restaurante\" \/>\t\t\t\t\t\t\t\t\t\t\t\t\t\t\t<\/div>\n\t\t<div class=\"elementor-element elementor-element-c0b7b2f e-con-full e-flex e-con e-child\" data-id=\"c0b7b2f\" data-element_type=\"container\" data-e-type=\"container\">\n\t\t\t\t<div class=\"elementor-element elementor-element-31e8bd6 animated-slow elementor-invisible elementor-widget elementor-widget-text-editor\" data-id=\"31e8bd6\" data-element_type=\"widget\" data-e-type=\"widget\" data-settings=\"{&quot;_animation&quot;:&quot;fadeIn&quot;}\" data-widget_type=\"text-editor.default\">\n\t\t\t\t\t\t\t\t\t<p>Horario del restaurante<\/p>\t\t\t\t\t\t\t\t<\/div>\n\t\t\t\t<div class=\"elementor-element elementor-element-a1baf7b elementor-widget__width-inherit elementor-widget-mobile_extra__width-inherit animated-slow elementor-invisible elementor-widget elementor-widget-text-editor\" data-id=\"a1baf7b\" data-element_type=\"widget\" data-e-type=\"widget\" data-settings=\"{&quot;_animation&quot;:&quot;fadeIn&quot;}\" data-widget_type=\"text-editor.default\">\n\t\t\t\t\t\t\t\t\t<p>Abierto todos los d\u00edas al p\u00fablico general.\u2028<br \/>De 6:00am hasta 11:00pm<\/p>\t\t\t\t\t\t\t\t<\/div>\n\t\t\t\t<div class=\"elementor-element elementor-element-e1ee058 animated-slow elementor-invisible elementor-widget elementor-widget-button\" data-id=\"e1ee058\" data-element_type=\"widget\" data-e-type=\"widget\" data-settings=\"{&quot;_animation&quot;:&quot;fadeIn&quot;}\" data-widget_type=\"button.default\">\n\t\t\t\t\t\t\t\t\t\t<a class=\"elementor-button elementor-button-link elementor-size-sm\" href=\"https:\/\/wyndhamtamarindo.com\/wp-content\/uploads\/2025\/09\/Restaurant-Food-Menu-Espan\u0303ol.pdf\" target=\"_blank\">\n\t\t\t\t\t\t<span class=\"elementor-button-content-wrapper\">\n\t\t\t\t\t\t\t\t\t<span class=\"elementor-button-text\">Descubrir el Men\u00fa<\/span>\n\t\t\t\t\t<\/span>\n\t\t\t\t\t<\/a>\n\t\t\t\t\t\t\t\t<\/div>\n\t\t\t\t<\/div>\n\t\t\t\t<\/div>\n\t\t\t\t<\/div>\n\t\t\t\t<\/div>\n\t\t<div class=\"elementor-element elementor-element-0bd8f87 e-con-full e-flex e-con e-parent\" data-id=\"0bd8f87\" data-element_type=\"container\" data-e-type=\"container\">\n\t\t\t\t<div class=\"elementor-element elementor-element-939b3a8 animated-slow elementor-invisible elementor-widget elementor-widget-heading\" data-id=\"939b3a8\" data-element_type=\"widget\" data-e-type=\"widget\" data-settings=\"{&quot;_animation&quot;:&quot;fadeIn&quot;}\" data-widget_type=\"heading.default\">\n\t\t\t\t\t<h1 class=\"elementor-heading-title elementor-size-default\">Galer\u00eda<\/h1>\t\t\t\t<\/div>\n\t\t\t\t<div class=\"elementor-element elementor-element-780f484 animated-slow elementor-widget__width-inherit elementor-invisible elementor-widget elementor-widget-ucaddon_ue_listing_grid\" data-id=\"780f484\" data-element_type=\"widget\" data-e-type=\"widget\" data-settings=\"{&quot;_animation&quot;:&quot;fadeIn&quot;}\" data-widget_type=\"ucaddon_ue_listing_grid.default\">\n\t\t\t\t<div class=\"elementor-widget-container\">\n\t\t\t\t\t\n<!-- start Loop Grid -->\n<style>\/* widget: Loop Grid *\/\n\n\n\n#uc_ue_listing_grid_elementor_780f484 {\n\t\n  \t      display: grid;\n    \n}\n\n#uc_ue_listing_grid_elementor_780f484 .ue-grid-item{\n\tbox-sizing: border-box;\n    overflow:hidden;\n\t\n\n  \n}\n\n\n\n<\/style>\n\n<div class=\"ue-grid uc-items-wrapper uc-dynamic-popup-grid\" id=\"uc_ue_listing_grid_elementor_780f484\"   data-template-id=\"992\">\n  <div class=\"ue-grid-item\" data-link=\"https:\/\/wyndhamtamarindo.com\/es\/galerias\/restaurante\/\" data-postid=\"977\">\n  <style>.elementor-992 .elementor-element.elementor-element-542a238{--display:flex;}.elementor-widget-ucaddon_uc_tiles_grid_image .ug-textpanel-title{font-family:var( --e-global-typography-text-font-family ), Sans-serif;font-weight:var( --e-global-typography-text-font-weight );}.elementor-widget-ucaddon_uc_tiles_grid_image .ug-error-message{font-family:var( --e-global-typography-text-font-family ), Sans-serif;font-weight:var( --e-global-typography-text-font-weight );}.elementor-widget-ucaddon_uc_tiles_grid_image .uc_style_uc_tiles_grid_image_elementor_uc_items_attribute_title{font-family:var( --e-global-typography-text-font-family ), Sans-serif;font-weight:var( --e-global-typography-text-font-weight );}.elementor-992 .elementor-element.elementor-element-e40282b .ug-error-message{text-align:inherit;}.elementor-992 .elementor-element.elementor-element-e40282b{width:100%;max-width:100%;}@media(min-width:768px){.elementor-992 .elementor-element.elementor-element-542a238{--width:100%;}}<\/style>\t\t<div data-elementor-type=\"loop-item\" data-elementor-id=\"992\" class=\"elementor elementor-992 uc-post-977 e-loop-item e-loop-item-977 post-977 galerias type-galerias status-publish hentry cat-galeria-restaurante\" data-elementor-post-type=\"elementor_library\" data-custom-edit-handle=\"1\">\n\t\t\t<div class=\"elementor-element elementor-element-542a238 e-con-full e-flex e-con e-parent\" data-id=\"542a238\" data-element_type=\"container\" data-e-type=\"container\">\n\t\t\t\t<div class=\"elementor-element elementor-element-e40282b elementor-widget__width-inherit elementor-widget elementor-widget-ucaddon_uc_tiles_grid_image\" data-id=\"e40282b\" data-element_type=\"widget\" data-e-type=\"widget\" data-widget_type=\"ucaddon_uc_tiles_grid_image.default\">\n\t\t\t\t<div class=\"elementor-widget-container\">\n\t\t\t\t\t\n<!-- start Tile Gallery -->\n\t\t<link id='font-awesome-css' href='https:\/\/wyndhamtamarindo.com\/wp-content\/plugins\/unlimited-elements-for-elementor-premium\/assets_libraries\/font-awesome6\/fontawesome-all.min.css' type='text\/css' rel='stylesheet' >\n\t\t<link id='font-awesome-4-shim-css' href='https:\/\/wyndhamtamarindo.com\/wp-content\/plugins\/unlimited-elements-for-elementor-premium\/assets_libraries\/font-awesome6\/fontawesome-v4-shims.min.css' type='text\/css' rel='stylesheet' >\n\t\t<link id='unitegallery-css' href='https:\/\/wyndhamtamarindo.com\/wp-content\/plugins\/unlimited-elements-for-elementor-premium\/assets_libraries\/unitegallery\/css\/unite-gallery.css' type='text\/css' rel='stylesheet' >\n\n<style>\/* widget: Tile Gallery *\/\n\n#uc_uc_tiles_grid_image_elementor_e40282b-wrapper{\n  min-height: 1px;\n}\n\n#uc_uc_tiles_grid_image_elementor_e40282b{\n  margin:0 auto;\n  direction:ltr;\n  display: none;\n}\n\n\n\n<\/style>\n\n<div id=\"uc_uc_tiles_grid_image_elementor_e40282b-wrapper\">\n  <div id=\"uc_uc_tiles_grid_image_elementor_e40282b\" class=\"uc-items-wrapper\" data-custom-sethtml=\"true\" >\n    \n<img decoding=\"async\" alt=\"\u00c1rea de buffet con islas de servicio y chafers; decoraci\u00f3n contempor\u00e1nea\"\n   src=\"https:\/\/wyndhamtamarindo.com\/wp-content\/uploads\/2025\/08\/Area-de-buffet-con-islas-de-servicio-y-chafers-decoracion-contemporanea._1x-768x512.webp\"\n    data-image=\"https:\/\/wyndhamtamarindo.com\/wp-content\/uploads\/2025\/08\/Area-de-buffet-con-islas-de-servicio-y-chafers-decoracion-contemporanea._1x-1024x683.webp\"\n    data-title=\"\u00c1rea de buffet con islas de servicio y chafers; decoraci\u00f3n contempor\u00e1nea\">\n\n<img decoding=\"async\" alt=\"Desayuno completo con huevos, tocino, fruta, pan y caf\u00e9; jugo natural en la mesa\"\n   src=\"https:\/\/wyndhamtamarindo.com\/wp-content\/uploads\/2025\/08\/Desayuno-completo-con-huevos-tocino-fruta-pan-y-cafe-jugo-natural-en-la-mesa._1x-768x514.webp\"\n    data-image=\"https:\/\/wyndhamtamarindo.com\/wp-content\/uploads\/2025\/08\/Desayuno-completo-con-huevos-tocino-fruta-pan-y-cafe-jugo-natural-en-la-mesa._1x-1024x686.webp\"\n    data-title=\"Desayuno completo con huevos, tocino, fruta, pan y caf\u00e9; jugo natural en la mesa\">\n\n<img decoding=\"async\" alt=\"Estaci\u00f3n de bebidas y cereales junto a la barra del restaurante del Wyndham Tamarindo\"\n   src=\"https:\/\/wyndhamtamarindo.com\/wp-content\/uploads\/2025\/08\/Estacion-de-bebidas-y-cereales-junto-a-la-barra-del-restaurante-del-Wyndham-Tamarindo._1x-768x512.webp\"\n    data-image=\"https:\/\/wyndhamtamarindo.com\/wp-content\/uploads\/2025\/08\/Estacion-de-bebidas-y-cereales-junto-a-la-barra-del-restaurante-del-Wyndham-Tamarindo._1x-1024x683.webp\"\n    data-title=\"Estaci\u00f3n de bebidas y cereales junto a la barra del restaurante del Wyndham Tamarindo\">\n\n<img decoding=\"async\" alt=\"Estaci\u00f3n de desayuno con chafers y plancha en el restaurante del Wyndham Tamarindo\"\n   src=\"https:\/\/wyndhamtamarindo.com\/wp-content\/uploads\/2025\/08\/Estacion-de-desayuno-con-chafers-y-plancha-en-el-restaurante-del-Wyndham-Tamarindo._1x-768x512.webp\"\n    data-image=\"https:\/\/wyndhamtamarindo.com\/wp-content\/uploads\/2025\/08\/Estacion-de-desayuno-con-chafers-y-plancha-en-el-restaurante-del-Wyndham-Tamarindo._1x-1024x683.webp\"\n    data-title=\"Estaci\u00f3n de desayuno con chafers y plancha en el restaurante del Wyndham Tamarindo\">\n\n<img decoding=\"async\" alt=\"L\u00ednea de buffet caliente con variedad de platillos en sal\u00f3n amplio y luminoso\"\n   src=\"https:\/\/wyndhamtamarindo.com\/wp-content\/uploads\/2025\/08\/Linea-de-buffet-caliente-con-variedad-de-platillos-en-salon-amplio-y-luminoso._1x-768x512.webp\"\n    data-image=\"https:\/\/wyndhamtamarindo.com\/wp-content\/uploads\/2025\/08\/Linea-de-buffet-caliente-con-variedad-de-platillos-en-salon-amplio-y-luminoso._1x-1024x683.webp\"\n    data-title=\"L\u00ednea de buffet caliente con variedad de platillos en sal\u00f3n amplio y luminoso\">\n\n<img decoding=\"async\" alt=\"Mesa de panader\u00eda con pan, tostadora, mermeladas y boller\u00eda para el desayuno\"\n   src=\"https:\/\/wyndhamtamarindo.com\/wp-content\/uploads\/2025\/08\/Mesa-de-panaderia-con-pan-tostadora-mermeladas-y-bolleria-para-el-desayuno._1x-768x512.webp\"\n    data-image=\"https:\/\/wyndhamtamarindo.com\/wp-content\/uploads\/2025\/08\/Mesa-de-panaderia-con-pan-tostadora-mermeladas-y-bolleria-para-el-desayuno._1x-1024x683.webp\"\n    data-title=\"Mesa de panader\u00eda con pan, tostadora, mermeladas y boller\u00eda para el desayuno\">\n\n<img decoding=\"async\" alt=\"Terraza con mesas y vista al mar en Tamarindo para desayunar al aire libre\"\n   src=\"https:\/\/wyndhamtamarindo.com\/wp-content\/uploads\/2025\/08\/Terraza-con-mesas-y-vista-al-mar-en-Tamarindo-para-desayunar-al-aire-libre._1x-768x512.webp\"\n    data-image=\"https:\/\/wyndhamtamarindo.com\/wp-content\/uploads\/2025\/08\/Terraza-con-mesas-y-vista-al-mar-en-Tamarindo-para-desayunar-al-aire-libre._1x-1024x683.webp\"\n    data-title=\"Terraza con mesas y vista al mar en Tamarindo para desayunar al aire libre\">\n  \n  <\/div>\n<\/div>\n<!-- end Tile Gallery -->\t\t\t\t<\/div>\n\t\t\t\t<\/div>\n\t\t\t\t<\/div>\n\t\t\t\t<\/div>\n\t\t\n<\/div>\n\n<\/div>\n\n\n\t    \t<div id=\"uc_ue_listing_grid_elementor_780f484_empty_message\" class=\"ue-no-posts-found\"  style=\"display:none\" >No posts found<\/div>\n\t\n\n<!-- end Loop Grid -->\t\t\t\t<\/div>\n\t\t\t\t<\/div>\n\t\t\t\t<\/div>\n\t\t\t\t<\/div>","protected":false},"excerpt":{"rendered":"<p>Caviar Restaurant Caviar Restaurant is located next to the infinity pool, with incredible views of the North Pacific Ocean. It offers breakfast, lunch, and dinner in a comfortable setting, with friendly service and dishes inspired by local ingredients. Reserve your table Details Located next to the infinity pool, Caviar Restaurant offers a unique dining experience [&hellip;]<\/p>","protected":false},"author":1,"featured_media":0,"parent":0,"menu_order":0,"comment_status":"closed","ping_status":"closed","template":"elementor_header_footer","meta":{"_acf_changed":false,"_seopress_robots_primary_cat":"","_seopress_titles_title":"Best Breakfast & Dinner with Ocean View | Open Daily","_seopress_titles_desc":"Dining at Wyndham Tamarindo. Caviar Restaurant serves breakfast, lunch, and dinner by the infinity pool. Enjoy panoramic views from 6 am to 11 pm.","_seopress_robots_index":"","footnotes":""},"class_list":["post-1140","page","type-page","status-publish","hentry"],"acf":[],"_links":{"self":[{"href":"https:\/\/wyndhamtamarindo.com\/es\/wp-json\/wp\/v2\/pages\/1140","targetHints":{"allow":["GET"]}}],"collection":[{"href":"https:\/\/wyndhamtamarindo.com\/es\/wp-json\/wp\/v2\/pages"}],"about":[{"href":"https:\/\/wyndhamtamarindo.com\/es\/wp-json\/wp\/v2\/types\/page"}],"author":[{"embeddable":true,"href":"https:\/\/wyndhamtamarindo.com\/es\/wp-json\/wp\/v2\/users\/1"}],"replies":[{"embeddable":true,"href":"https:\/\/wyndhamtamarindo.com\/es\/wp-json\/wp\/v2\/comments?post=1140"}],"version-history":[{"count":219,"href":"https:\/\/wyndhamtamarindo.com\/es\/wp-json\/wp\/v2\/pages\/1140\/revisions"}],"predecessor-version":[{"id":3254,"href":"https:\/\/wyndhamtamarindo.com\/es\/wp-json\/wp\/v2\/pages\/1140\/revisions\/3254"}],"wp:attachment":[{"href":"https:\/\/wyndhamtamarindo.com\/es\/wp-json\/wp\/v2\/media?parent=1140"}],"curies":[{"name":"wp","href":"https:\/\/api.w.org\/{rel}","templated":true}]}}